{"id":904,"date":"2015-08-09T14:17:38","date_gmt":"2015-08-09T13:17:38","guid":{"rendered":"http:\/\/abenax.de\/blog\/?page_id=904"},"modified":"2021-10-20T18:29:21","modified_gmt":"2021-10-20T16:29:21","slug":"news-zeitungsschnipsel","status":"publish","type":"page","link":"http:\/\/abenax.de\/blog\/news-zeitungsschnipsel\/","title":{"rendered":"NEWS &#8211; Zeitungsschnipsel"},"content":{"rendered":"<p><span style=\"color: #333399;\"><strong> S P A M ein \u00c4rgernis unserer Zeit <\/strong><\/span><\/p>\n<p>&nbsp;<\/p>\n<figure id=\"attachment_1244\" aria-describedby=\"caption-attachment-1244\" style=\"width: 840px\" class=\"wp-caption alignleft\"><a href=\"http:\/\/abenax.de\/blog\/wp-content\/uploads\/2016\/04\/wp_spam.jpg\" rel=\"lightbox[904]\"><img loading=\"lazy\" decoding=\"async\" class=\"size-large wp-image-1244\" src=\"http:\/\/abenax.de\/blog\/wp-content\/uploads\/2016\/04\/wp_spam-1024x296.jpg\" alt=\"spam\" width=\"840\" height=\"243\" srcset=\"http:\/\/abenax.de\/blog\/wp-content\/uploads\/2016\/04\/wp_spam-1024x296.jpg 1024w, http:\/\/abenax.de\/blog\/wp-content\/uploads\/2016\/04\/wp_spam-300x87.jpg 300w, http:\/\/abenax.de\/blog\/wp-content\/uploads\/2016\/04\/wp_spam-768x222.jpg 768w, http:\/\/abenax.de\/blog\/wp-content\/uploads\/2016\/04\/wp_spam.jpg 1180w\" sizes=\"(max-width: 709px) 85vw, (max-width: 909px) 67vw, (max-width: 1362px) 62vw, 840px\" \/><\/a><figcaption id=\"caption-attachment-1244\" class=\"wp-caption-text\">mein Spam Kommentar<\/figcaption><\/figure>\n<p>Reflektierend auf einen (hoffentlich erstgemeinten) Kommentar, habe ich ein paar Worte zum Thema &#8220;spam&#8221; geschrieben. Einfach oben nachlesen.<\/p>\n<p>&nbsp;<\/p>\n<p><span style=\"color: #333399;\"><strong> und weiter mit wichtigerem <\/strong><\/span><\/p>\n<!-- start jupdf viewer -->\n<div class=\"jupdf-wrap\">\n<iframe loading=\"lazy\" src=\"http:\/\/abenax.de\/blog\/wp-content\/plugins\/jupdf-pdf-viewer\/jupdf\/index.html?file=http:\/\/abenax.de\/blog\/wp-content\/uploads\/2015\/08\/pflanzenkost.pdf\" width=\"1200px\" height=\"800px\" scrolling=\"no\"  allowfullscreen webkitallowfullscreen><\/iframe>\n<\/div>\n<!-- end jupdf viewer -->\n<p>ich meine das ist ein interessanter Bericht \u00fcber ein Hauptnahrungsmittel unserer Welt, und wie sich Ver\u00e4nderungen ergeben haben, und sicherlich noch weiter ergeben werden. Insbesondere ist das Weizen Reis Verh\u00e4ltnis erstaunlich.<\/p>\n<p>Der Zeitschriftenausschnitt bildet den Stand von ca. 2015 ab.<\/p>\n<p>In einer TV Sendung in 2021 ist zu sehen, dass es eine Mengen-Einwicklung und eine Verschiebung gibt.<\/p>\n<p><a href=\"http:\/\/abenax.de\/blog\/wp-content\/uploads\/2021\/10\/2021s_getreide.jpg\" rel=\"lightbox[904]\"><img loading=\"lazy\" decoding=\"async\" class=\"alignleft size-medium wp-image-44791\" src=\"http:\/\/abenax.de\/blog\/wp-content\/uploads\/2021\/10\/2021s_getreide-300x188.jpg\" alt=\"\" width=\"300\" height=\"188\" srcset=\"http:\/\/abenax.de\/blog\/wp-content\/uploads\/2021\/10\/2021s_getreide-300x188.jpg 300w, http:\/\/abenax.de\/blog\/wp-content\/uploads\/2021\/10\/2021s_getreide-1024x643.jpg 1024w, http:\/\/abenax.de\/blog\/wp-content\/uploads\/2021\/10\/2021s_getreide-768x483.jpg 768w, http:\/\/abenax.de\/blog\/wp-content\/uploads\/2021\/10\/2021s_getreide-1200x754.jpg 1200w, http:\/\/abenax.de\/blog\/wp-content\/uploads\/2021\/10\/2021s_getreide.jpg 1267w\" sizes=\"(max-width: 300px) 85vw, 300px\" \/><\/a><\/p>\n<p>&nbsp;<\/p>\n<p>&nbsp;<\/p>\n<p>&nbsp;<\/p>\n<p>&nbsp;<\/p>\n<p>&nbsp;&nbsp;&nbsp;&nbsp;&nbsp;&nbsp;&nbsp;&nbsp;&nbsp;&nbsp;&nbsp;&nbsp;&nbsp;&nbsp;&nbsp;&nbsp;&nbsp; Mais&nbsp;&nbsp;&nbsp;&nbsp;&nbsp;&nbsp;&nbsp; Weizen&nbsp;&nbsp;&nbsp;&nbsp;&nbsp;&nbsp;&nbsp; Reis&nbsp;&nbsp;&nbsp;&nbsp;&nbsp;&nbsp; (in Millionen Tonnen)<\/p>\n<p>2015&nbsp;&nbsp;&nbsp;&nbsp;&nbsp;&nbsp;&nbsp;&nbsp; 872&nbsp;&nbsp;&nbsp;&nbsp;&nbsp;&nbsp;&nbsp;&nbsp; &nbsp; &nbsp; 671 &nbsp; &nbsp; &nbsp; &nbsp; &nbsp; &nbsp; 726 &nbsp;&nbsp;&nbsp;<\/p>\n<p>2021 &nbsp; &nbsp;&nbsp; 1.171 &nbsp; &nbsp; &nbsp; &nbsp; &nbsp; &nbsp; 766 &nbsp; &nbsp; &nbsp; &nbsp; &nbsp; &nbsp; 500 &nbsp;&nbsp;&nbsp;&nbsp;<\/p>\n<p>&nbsp;<\/p>\n\n\n<p><\/p>\n","protected":false},"excerpt":{"rendered":"<p>S P A M ein \u00c4rgernis unserer Zeit &nbsp; Reflektierend auf einen (hoffentlich erstgemeinten) Kommentar, habe ich ein paar Worte zum Thema &#8220;spam&#8221; geschrieben. Einfach oben nachlesen. &nbsp; und weiter mit wichtigerem ich meine das ist ein interessanter Bericht \u00fcber ein Hauptnahrungsmittel unserer Welt, und wie sich Ver\u00e4nderungen ergeben haben, und sicherlich noch weiter ergeben &hellip; <a href=\"http:\/\/abenax.de\/blog\/news-zeitungsschnipsel\/\" class=\"more-link\">Continue reading<span class=\"screen-reader-text\"> &#8220;NEWS &#8211; Zeitungsschnipsel&#8221;<\/span><\/a><\/p>\n","protected":false},"author":1,"featured_media":0,"parent":0,"menu_order":0,"comment_status":"open","ping_status":"open","template":"","meta":{"ngg_post_thumbnail":0,"pgc_sgb_lightbox_settings":"","footnotes":""},"class_list":["post-904","page","type-page","status-publish","hentry"],"_links":{"self":[{"href":"http:\/\/abenax.de\/blog\/wp-json\/wp\/v2\/pages\/904"}],"collection":[{"href":"http:\/\/abenax.de\/blog\/wp-json\/wp\/v2\/pages"}],"about":[{"href":"http:\/\/abenax.de\/blog\/wp-json\/wp\/v2\/types\/page"}],"author":[{"embeddable":true,"href":"http:\/\/abenax.de\/blog\/wp-json\/wp\/v2\/users\/1"}],"replies":[{"embeddable":true,"href":"http:\/\/abenax.de\/blog\/wp-json\/wp\/v2\/comments?post=904"}],"version-history":[{"count":20,"href":"http:\/\/abenax.de\/blog\/wp-json\/wp\/v2\/pages\/904\/revisions"}],"predecessor-version":[{"id":44799,"href":"http:\/\/abenax.de\/blog\/wp-json\/wp\/v2\/pages\/904\/revisions\/44799"}],"wp:attachment":[{"href":"http:\/\/abenax.de\/blog\/wp-json\/wp\/v2\/media?parent=904"}],"curies":[{"name":"wp","href":"https:\/\/api.w.org\/{rel}","templated":true}]}}