{"id":810,"date":"2015-07-25T16:57:14","date_gmt":"2015-07-25T15:57:14","guid":{"rendered":"http:\/\/abenax.de\/blog\/?page_id=810"},"modified":"2016-05-09T16:04:05","modified_gmt":"2016-05-09T14:04:05","slug":"unter-den-wolken","status":"publish","type":"page","link":"http:\/\/abenax.de\/blog\/unter-den-wolken\/","title":{"rendered":"unter den Wolken"},"content":{"rendered":"<div class=\"su-row\">\n<div class=\"su-column su-column-size-1-2\"><div class=\"su-column-inner su-u-clearfix su-u-trim\">\n<figure id=\"attachment_3\" aria-describedby=\"caption-attachment-3\" style=\"width: 300px\" class=\"wp-caption alignleft\"><a href=\"http:\/\/abenax.de\/blog\/wp-content\/uploads\/2009\/11\/87200515a.jpg\" rel=\"lightbox[810]\"><img loading=\"lazy\" decoding=\"async\" class=\"size-medium wp-image-3\" src=\"http:\/\/abenax.de\/blog\/wp-content\/uploads\/2009\/11\/87200515a-300x177.jpg\" alt=\"Goldhimmel\" width=\"300\" height=\"177\" srcset=\"http:\/\/abenax.de\/blog\/wp-content\/uploads\/2009\/11\/87200515a-300x177.jpg 300w, http:\/\/abenax.de\/blog\/wp-content\/uploads\/2009\/11\/87200515a.jpg 500w\" sizes=\"(max-width: 300px) 85vw, 300px\" \/><\/a><figcaption id=\"caption-attachment-3\" class=\"wp-caption-text\">Goldhimmel<\/figcaption><\/figure>\n<\/div><\/div>\n<div class=\"su-column su-column-size-1-2\"><div class=\"su-column-inner su-u-clearfix su-u-trim\">\n<p>das ist so ziemlich rot \/ braun. Es kommt ja sicher immer auf die Konditionen in der Atmosph\u00e4re und den Sonnenstand an, woraus sich dann solch sch\u00f6ne Formationen ergeben.<\/p>\n<\/div><\/div>\n<\/div>\n<p>!!! wolkenlos !!! die richtige Umgebung f\u00fcr Banner-Werbung mit einmotorigen Klein-Flugzeugen. Bei diesem &#8220;Banner&#8221; spielt der Computer nur eine Rolle f\u00fcr den Piloten, anklicken k\u00f6nnen wir nichts. Das &#8220;Bannerfliegen&#8221; hat es ja schon vor vielen Jahren gegeben, aber es hat sich bis in die heutige Zeit erhalten.  <\/p>\n<figure id=\"attachment_841\" aria-describedby=\"caption-attachment-841\" style=\"width: 450px\" class=\"wp-caption alignnone\"><a href=\"http:\/\/abenax.de\/blog\/wp-content\/uploads\/2015\/07\/RE200384a1a.jpg\" rel=\"lightbox[810]\"><img loading=\"lazy\" decoding=\"async\" class=\"size-medium wp-image-841\" src=\"http:\/\/abenax.de\/blog\/wp-content\/uploads\/2015\/07\/RE200384a1a-300x93.jpg\" alt=\"abenax\" width=\"450\" height=\"150\" \/><\/a><figcaption id=\"caption-attachment-841\" class=\"wp-caption-text\">abenax<\/figcaption><\/figure>\n<div style=\"clear: both;\">\n<figure id=\"attachment_4\" aria-describedby=\"caption-attachment-4\" style=\"width: 300px\" class=\"wp-caption alignleft\"><a href=\"http:\/\/abenax.de\/blog\/wp-content\/uploads\/2009\/11\/87200540a.jpg\" rel=\"lightbox[810]\"><img loading=\"lazy\" decoding=\"async\" class=\"size-medium wp-image-4\" src=\"http:\/\/abenax.de\/blog\/wp-content\/uploads\/2009\/11\/87200540a-300x225.jpg\" alt=\"blaustich\" width=\"300\" height=\"225\" srcset=\"http:\/\/abenax.de\/blog\/wp-content\/uploads\/2009\/11\/87200540a-300x225.jpg 300w, http:\/\/abenax.de\/blog\/wp-content\/uploads\/2009\/11\/87200540a.jpg 500w\" sizes=\"(max-width: 300px) 85vw, 300px\" \/><\/a><figcaption id=\"caption-attachment-4\" class=\"wp-caption-text\">blaustich<\/figcaption><\/figure>\n<p>blau \u00fcberwiegt bei dieser abendlichen Sonnen- und Wolkenlage. Insgesamt eine sch\u00f6ne, etwas dramatische &#8220;Farbzeichnung&#8221;.<\/p>\n<div style=\"clear: both;\">\n<figure id=\"attachment_769\" aria-describedby=\"caption-attachment-769\" style=\"width: 300px\" class=\"wp-caption alignleft\"><a href=\"http:\/\/abenax.de\/blog\/wp-content\/uploads\/2015\/07\/DSC01057a.jpg\" rel=\"lightbox[810]\"><img loading=\"lazy\" decoding=\"async\" class=\"size-medium wp-image-769\" src=\"http:\/\/abenax.de\/blog\/wp-content\/uploads\/2015\/07\/DSC01057a-300x158.jpg\" alt=\"Haalockenwolken (Cirrus)\" width=\"300\" height=\"158\" srcset=\"http:\/\/abenax.de\/blog\/wp-content\/uploads\/2015\/07\/DSC01057a-300x158.jpg 300w, http:\/\/abenax.de\/blog\/wp-content\/uploads\/2015\/07\/DSC01057a-1024x540.jpg 1024w, http:\/\/abenax.de\/blog\/wp-content\/uploads\/2015\/07\/DSC01057a.jpg 1278w\" sizes=\"(max-width: 300px) 85vw, 300px\" \/><\/a><figcaption id=\"caption-attachment-769\" class=\"wp-caption-text\">Haalockenwolken (Cirrus)<\/figcaption><\/figure>\n<p>Ein bekannter Fernseh-Meteorologe (S.P.) sagt; das sind sich verdichtende Cirruswolken, sehr sch\u00f6n von der Sonne angestrahlt und durchsetzt mit einigen Kondensstreifen. Die oberen Atmosph\u00e4renschichten waren an dem Tag sehr feucht.<\/p>\n<div style=\"clear: both;\">\n<div class=\"su-row\">\n<div class=\"su-column su-column-size-1-2\"><div class=\"su-column-inner su-u-clearfix su-u-trim\">\n<figure id=\"attachment_770\" aria-describedby=\"caption-attachment-770\" style=\"width: 300px\" class=\"wp-caption alignleft\"><a href=\"http:\/\/abenax.de\/blog\/wp-content\/uploads\/2015\/07\/DSC01062a1.jpg\" rel=\"lightbox[810]\"><img loading=\"lazy\" decoding=\"async\" class=\"size-medium wp-image-770\" src=\"http:\/\/abenax.de\/blog\/wp-content\/uploads\/2015\/07\/DSC01062a1-300x195.jpg\" alt=\"auf Sendung\" width=\"300\" height=\"195\" srcset=\"http:\/\/abenax.de\/blog\/wp-content\/uploads\/2015\/07\/DSC01062a1-300x195.jpg 300w, http:\/\/abenax.de\/blog\/wp-content\/uploads\/2015\/07\/DSC01062a1-1024x664.jpg 1024w, http:\/\/abenax.de\/blog\/wp-content\/uploads\/2015\/07\/DSC01062a1.jpg 1170w\" sizes=\"(max-width: 300px) 85vw, 300px\" \/><\/a><figcaption id=\"caption-attachment-770\" class=\"wp-caption-text\">auf Sendung<\/figcaption><\/figure>\n<\/div><\/div>\n<div class=\"su-column su-column-size-1-2\"><div class=\"su-column-inner su-u-clearfix su-u-trim\">\n<figure id=\"attachment_871\" aria-describedby=\"caption-attachment-871\" style=\"width: 208px\" class=\"wp-caption alignleft\"><a href=\"http:\/\/abenax.de\/blog\/wp-content\/uploads\/2015\/07\/DSC09240.jpg\" rel=\"lightbox[810]\"><img loading=\"lazy\" decoding=\"async\" class=\"size-medium wp-image-871\" src=\"http:\/\/abenax.de\/blog\/wp-content\/uploads\/2015\/07\/DSC09240-208x300.jpg\" alt=\"ultra kurze Welle.\" width=\"208\" height=\"300\" srcset=\"http:\/\/abenax.de\/blog\/wp-content\/uploads\/2015\/07\/DSC09240-208x300.jpg 208w, http:\/\/abenax.de\/blog\/wp-content\/uploads\/2015\/07\/DSC09240-709x1024.jpg 709w, http:\/\/abenax.de\/blog\/wp-content\/uploads\/2015\/07\/DSC09240.jpg 853w\" sizes=\"(max-width: 208px) 85vw, 208px\" \/><\/a><figcaption id=\"caption-attachment-871\" class=\"wp-caption-text\">ultra kurze Welle.<\/figcaption><\/figure>\n<p>Ohne Zweifel, &#8220;Sendemasten&#8221; sind ein Bestandteil der Landschaft. Ob es zur Versch\u00f6nereung beitr\u00e4gt ? nicht anzunehme. Aber es powert mit ganz sch\u00f6ner Sendeleistung, und sicher sollte man \u00fcberlegen, es nicht zu \u00fcbetreiben.<\/p>\n<\/div><\/div>\n<\/div>\n<div style=\"clear: both;\">\n<figure id=\"attachment_829\" aria-describedby=\"caption-attachment-829\" style=\"width: 300px\" class=\"wp-caption alignleft\"><a href=\"http:\/\/abenax.de\/blog\/wp-content\/uploads\/2015\/07\/2015s_wolken_10.jpg\" rel=\"lightbox[810]\"><img loading=\"lazy\" decoding=\"async\" class=\"size-medium wp-image-829\" src=\"http:\/\/abenax.de\/blog\/wp-content\/uploads\/2015\/07\/2015s_wolken_10-300x208.jpg\" alt=\"Treppen-Wolken\" width=\"300\" height=\"208\" srcset=\"http:\/\/abenax.de\/blog\/wp-content\/uploads\/2015\/07\/2015s_wolken_10-300x208.jpg 300w, http:\/\/abenax.de\/blog\/wp-content\/uploads\/2015\/07\/2015s_wolken_10-1024x711.jpg 1024w, http:\/\/abenax.de\/blog\/wp-content\/uploads\/2015\/07\/2015s_wolken_10.jpg 1279w\" sizes=\"(max-width: 300px) 85vw, 300px\" \/><\/a><figcaption id=\"caption-attachment-829\" class=\"wp-caption-text\">Treppen-Wolken<\/figcaption><\/figure>\n<p>da hat es sie zerissen !<\/p>\n<div style=\"clear: both;\">\n<figure id=\"attachment_861\" aria-describedby=\"caption-attachment-861\" style=\"width: 450px\" class=\"wp-caption alignnone\"><a href=\"http:\/\/abenax.de\/blog\/wp-content\/uploads\/2015\/08\/DSC00413-horz_a_txt.jpg\" rel=\"lightbox[810]\"><img loading=\"lazy\" decoding=\"async\" class=\"size-medium wp-image-861\" src=\"http:\/\/abenax.de\/blog\/wp-content\/uploads\/2015\/08\/DSC00413-horz_a_txt-300x119.jpg\" alt=\"das ist ein mehr-Knaller\" width=\"450\" height=\"170\" \/><\/a><figcaption id=\"caption-attachment-861\" class=\"wp-caption-text\">das ist ein mehr-Knaller<\/figcaption><\/figure>\n<p>Entfernung 10Km, Blickrichtung Nord<br \/>\n<div class=\"su-divider su-divider-style-default\" style=\"margin:15px 0;border-width:3px;border-color:#999999\"><a href=\"#\" style=\"color:#999999\">Go to top<\/a><\/div>\n<div style=\"clear: both;\">\n<div class=\"su-row\">\n<div class=\"su-column su-column-size-1-2\"><div class=\"su-column-inner su-u-clearfix su-u-trim\">\n<figure id=\"attachment_1027\" aria-describedby=\"caption-attachment-1027\" style=\"width: 300px\" class=\"wp-caption alignleft\"><a href=\"http:\/\/abenax.de\/blog\/wp-content\/uploads\/2015\/11\/2015s_lz_4q_4c_k.jpg\" rel=\"lightbox[810]\"><img loading=\"lazy\" decoding=\"async\" class=\"size-medium wp-image-1027\" src=\"http:\/\/abenax.de\/blog\/wp-content\/uploads\/2015\/11\/2015s_lz_4q_4c_k-300x170.jpg\" alt=\"Vulkankrater\" width=\"300\" height=\"170\" srcset=\"http:\/\/abenax.de\/blog\/wp-content\/uploads\/2015\/11\/2015s_lz_4q_4c_k-300x170.jpg 300w, http:\/\/abenax.de\/blog\/wp-content\/uploads\/2015\/11\/2015s_lz_4q_4c_k-1024x581.jpg 1024w, http:\/\/abenax.de\/blog\/wp-content\/uploads\/2015\/11\/2015s_lz_4q_4c_k.jpg 1363w\" sizes=\"(max-width: 300px) 85vw, 300px\" \/><\/a><figcaption id=\"caption-attachment-1027\" class=\"wp-caption-text\">Vulkankrater<\/figcaption><\/figure>\n<\/div><\/div>\n<div class=\"su-column su-column-size-1-2\"><div class=\"su-column-inner su-u-clearfix su-u-trim\">\n<p>am Tage sehen die Vulkanh\u00fcgel ja ganz friedlich aus &#8230;.<\/p>\n<\/div><\/div>\n<\/div>\n<div class=\"su-row\">\n<div class=\"su-column su-column-size-1-2\"><div class=\"su-column-inner su-u-clearfix su-u-trim\">\n<figure id=\"attachment_1026\" aria-describedby=\"caption-attachment-1026\" style=\"width: 300px\" class=\"wp-caption alignleft\"><a href=\"http:\/\/abenax.de\/blog\/wp-content\/uploads\/2015\/11\/2015s_lz_4q_4b_k.jpg\" rel=\"lightbox[810]\"><img loading=\"lazy\" decoding=\"async\" src=\"http:\/\/abenax.de\/blog\/wp-content\/uploads\/2015\/11\/2015s_lz_4q_4b_k-300x186.jpg\" alt=\"der Ausbruch\" width=\"300\" height=\"186\" class=\"size-medium wp-image-1026\" srcset=\"http:\/\/abenax.de\/blog\/wp-content\/uploads\/2015\/11\/2015s_lz_4q_4b_k-300x186.jpg 300w, http:\/\/abenax.de\/blog\/wp-content\/uploads\/2015\/11\/2015s_lz_4q_4b_k-1024x636.jpg 1024w, http:\/\/abenax.de\/blog\/wp-content\/uploads\/2015\/11\/2015s_lz_4q_4b_k-825x510.jpg 825w, http:\/\/abenax.de\/blog\/wp-content\/uploads\/2015\/11\/2015s_lz_4q_4b_k.jpg 1993w\" sizes=\"(max-width: 300px) 85vw, 300px\" \/><\/a><figcaption id=\"caption-attachment-1026\" class=\"wp-caption-text\">der Ausbruch<\/figcaption><\/figure>\n<\/div><\/div>\n<div class=\"su-column su-column-size-1-2\"><div class=\"su-column-inner su-u-clearfix su-u-trim\">\n<p>aber wehe wenn sie ausbrechen !!<\/p>\n<\/div><\/div>\n<\/div>\n<div style=\"clear: both;\"><\/div>\n<figure id=\"attachment_1050\" aria-describedby=\"caption-attachment-1050\" style=\"width: 300px\" class=\"wp-caption alignleft\"><a href=\"http:\/\/abenax.de\/blog\/wp-content\/uploads\/2015\/07\/IMG_20151104_152735a.jpg\" rel=\"lightbox[810]\"><img loading=\"lazy\" decoding=\"async\" src=\"http:\/\/abenax.de\/blog\/wp-content\/uploads\/2015\/07\/IMG_20151104_152735a-300x219.jpg\" alt=\"schon einige Jahre auf den Bl\u00e4ttern\" width=\"300\" height=\"219\" class=\"size-medium wp-image-1050\" srcset=\"http:\/\/abenax.de\/blog\/wp-content\/uploads\/2015\/07\/IMG_20151104_152735a-300x219.jpg 300w, http:\/\/abenax.de\/blog\/wp-content\/uploads\/2015\/07\/IMG_20151104_152735a-1024x746.jpg 1024w, http:\/\/abenax.de\/blog\/wp-content\/uploads\/2015\/07\/IMG_20151104_152735a.jpg 1809w\" sizes=\"(max-width: 300px) 85vw, 300px\" \/><\/a><figcaption id=\"caption-attachment-1050\" class=\"wp-caption-text\">schon einige Jahre auf den Bl\u00e4ttern<\/figcaption><\/figure>\n<p>auf Vulkaninseln sind die Kraterh\u00fcgel ein allgegenw\u00e4rtiges Bild. Im Zusammenspiel mit baulichen Gegebenheiten und arrangierten Gegenst\u00e4nden, bietet die Natur ein sch\u00f6ne Ansicht.  <\/p>\n<div style=\"clear: both;\"><\/div>\n<\/div>\n<\/div>\n<\/div>\n<\/div>\n<\/div>\n<\/div>\n","protected":false},"excerpt":{"rendered":"<p>!!! wolkenlos !!! die richtige Umgebung f\u00fcr Banner-Werbung mit einmotorigen Klein-Flugzeugen. Bei diesem &#8220;Banner&#8221; spielt der Computer nur eine Rolle f\u00fcr den Piloten, anklicken k\u00f6nnen wir nichts. Das &#8220;Bannerfliegen&#8221; hat es ja schon vor vielen Jahren gegeben, aber es hat sich bis in die heutige Zeit erhalten. blau \u00fcberwiegt bei dieser abendlichen Sonnen- und Wolkenlage. &hellip; <a href=\"http:\/\/abenax.de\/blog\/unter-den-wolken\/\" class=\"more-link\">Continue reading<span class=\"screen-reader-text\"> &#8220;unter den Wolken&#8221;<\/span><\/a><\/p>\n","protected":false},"author":1,"featured_media":0,"parent":0,"menu_order":0,"comment_status":"open","ping_status":"open","template":"","meta":{"ngg_post_thumbnail":0,"pgc_sgb_lightbox_settings":"","footnotes":""},"class_list":["post-810","page","type-page","status-publish","hentry"],"_links":{"self":[{"href":"http:\/\/abenax.de\/blog\/wp-json\/wp\/v2\/pages\/810"}],"collection":[{"href":"http:\/\/abenax.de\/blog\/wp-json\/wp\/v2\/pages"}],"about":[{"href":"http:\/\/abenax.de\/blog\/wp-json\/wp\/v2\/types\/page"}],"author":[{"embeddable":true,"href":"http:\/\/abenax.de\/blog\/wp-json\/wp\/v2\/users\/1"}],"replies":[{"embeddable":true,"href":"http:\/\/abenax.de\/blog\/wp-json\/wp\/v2\/comments?post=810"}],"version-history":[{"count":38,"href":"http:\/\/abenax.de\/blog\/wp-json\/wp\/v2\/pages\/810\/revisions"}],"predecessor-version":[{"id":1325,"href":"http:\/\/abenax.de\/blog\/wp-json\/wp\/v2\/pages\/810\/revisions\/1325"}],"wp:attachment":[{"href":"http:\/\/abenax.de\/blog\/wp-json\/wp\/v2\/media?parent=810"}],"curies":[{"name":"wp","href":"https:\/\/api.w.org\/{rel}","templated":true}]}}