{"id":2,"date":"2009-11-08T17:22:32","date_gmt":"2009-11-08T16:22:32","guid":{"rendered":"http:\/\/abenax.de\/blog\/index.php?page_id=2"},"modified":"2024-12-25T23:44:20","modified_gmt":"2024-12-25T21:44:20","slug":"ubersee-chicago-new-york","status":"publish","type":"page","link":"http:\/\/abenax.de\/blog\/ubersee-chicago-new-york\/","title":{"rendered":"USA"},"content":{"rendered":"<p><script id=\"infogram_0_1348994180-775699\" src=\"\/\/e.infogr.am\/js\/embed.js?bul\" type=\"text\/javascript\"><span style=\"display: inline-block; width: 0px; overflow: hidden; line-height: 0;\" data-mce-type=\"bookmark\" class=\"mce_SELRES_start\">\ufeff<\/span><\/script><\/p>\n<div style=\"width: 100%; border-top: 1px solid #acacac; padding-top: 3px; font-family: Arial; font-size: 10px; text-align: center;\"><a style=\"color: #acacac; text-decoration: none;\" href=\"https:\/\/infogr.am\/1348994180-775699\" target=\"_blank\" rel=\"noopener noreferrer\">go west<\/a> | <a style=\"color: #acacac; text-decoration: none;\" href=\"https:\/\/infogr.am\" target=\"_blank\" rel=\"noopener noreferrer\">Create infographics<\/a><\/div>\n<div style=\"clear: both;\">\n<figure id=\"attachment_614\" aria-describedby=\"caption-attachment-614\" style=\"width: 431px\" class=\"wp-caption alignleft\"><a href=\"http:\/\/abenax.de\/blog\/wp-content\/uploads\/2015\/04\/CIMG0040a.jpg\" rel=\"lightbox[2]\"><img loading=\"lazy\" decoding=\"async\" class=\"wp-image-614\" src=\"http:\/\/abenax.de\/blog\/wp-content\/uploads\/2015\/04\/CIMG0040a-300x167.jpg\" alt=\"NWR Newark Liberty Airport T2\" width=\"431\" height=\"240\" srcset=\"http:\/\/abenax.de\/blog\/wp-content\/uploads\/2015\/04\/CIMG0040a-300x167.jpg 300w, http:\/\/abenax.de\/blog\/wp-content\/uploads\/2015\/04\/CIMG0040a-1024x572.jpg 1024w, http:\/\/abenax.de\/blog\/wp-content\/uploads\/2015\/04\/CIMG0040a.jpg 1100w\" sizes=\"(max-width: 431px) 85vw, 431px\" \/><\/a><figcaption id=\"caption-attachment-614\" class=\"wp-caption-text\">EWR Newark Liberty Airport T2<\/figcaption><\/figure>\n<p>Einer der gr\u00f6\u00dften und verkehrsreichsten Flugh\u00e4fen in den USA. Heute ist es etwas \u00fcbersichtlich, aber der Schein tr\u00fcgt.<\/p>\n<div style=\"clear: both;\">\n<figure id=\"attachment_630\" aria-describedby=\"caption-attachment-630\" style=\"width: 431px\" class=\"wp-caption alignleft\"><a href=\"http:\/\/abenax.de\/blog\/wp-content\/uploads\/2010\/01\/CIMG0051b1.jpg\" rel=\"lightbox[2]\"><img loading=\"lazy\" decoding=\"async\" class=\" wp-image-630\" src=\"http:\/\/abenax.de\/blog\/wp-content\/uploads\/2010\/01\/CIMG0051b1-300x151.jpg\" alt=\"lounge snack\" width=\"431\" height=\"217\" srcset=\"http:\/\/abenax.de\/blog\/wp-content\/uploads\/2010\/01\/CIMG0051b1-300x151.jpg 300w, http:\/\/abenax.de\/blog\/wp-content\/uploads\/2010\/01\/CIMG0051b1-1024x515.jpg 1024w, http:\/\/abenax.de\/blog\/wp-content\/uploads\/2010\/01\/CIMG0051b1.jpg 1055w\" sizes=\"(max-width: 431px) 85vw, 431px\" \/><\/a><figcaption id=\"caption-attachment-630\" class=\"wp-caption-text\">lounge snack<\/figcaption><\/figure>\n<p>in der Lounge gibt es vor dem Flug noch ein wenig Zeit f\u00fcr Lekture und einen Imbiss.<\/p>\n<div style=\"clear: both;\">\n<figure id=\"attachment_825\" aria-describedby=\"caption-attachment-825\" style=\"width: 300px\" class=\"wp-caption alignleft\"><a href=\"http:\/\/abenax.de\/blog\/wp-content\/uploads\/2015\/07\/2007s_privair_1.jpg\" rel=\"lightbox[2]\"><img loading=\"lazy\" decoding=\"async\" class=\"size-medium wp-image-825\" src=\"http:\/\/abenax.de\/blog\/wp-content\/uploads\/2015\/07\/2007s_privair_1-300x225.jpg\" alt=\"Baileys\" width=\"300\" height=\"225\" srcset=\"http:\/\/abenax.de\/blog\/wp-content\/uploads\/2015\/07\/2007s_privair_1-300x225.jpg 300w, http:\/\/abenax.de\/blog\/wp-content\/uploads\/2015\/07\/2007s_privair_1-1024x768.jpg 1024w, http:\/\/abenax.de\/blog\/wp-content\/uploads\/2015\/07\/2007s_privair_1.jpg 1072w\" sizes=\"(max-width: 300px) 85vw, 300px\" \/><\/a><figcaption id=\"caption-attachment-825\" class=\"wp-caption-text\">Baileys<\/figcaption><\/figure>\n<p>so muss es sein !<\/p>\n<div style=\"clear: both;\">\n<figure id=\"attachment_621\" aria-describedby=\"caption-attachment-621\" style=\"width: 263px\" class=\"wp-caption alignleft\"><a href=\"http:\/\/abenax.de\/blog\/wp-content\/uploads\/2010\/01\/CIMG0012b.jpg\" rel=\"lightbox[2]\"><img loading=\"lazy\" decoding=\"async\" class=\" wp-image-621\" src=\"http:\/\/abenax.de\/blog\/wp-content\/uploads\/2010\/01\/CIMG0012b-233x300.jpg\" alt=\"John Hancock Center Chicago\" width=\"263\" height=\"339\" srcset=\"http:\/\/abenax.de\/blog\/wp-content\/uploads\/2010\/01\/CIMG0012b-233x300.jpg 233w, http:\/\/abenax.de\/blog\/wp-content\/uploads\/2010\/01\/CIMG0012b.jpg 706w\" sizes=\"(max-width: 263px) 85vw, 263px\" \/><\/a><figcaption id=\"caption-attachment-621\" class=\"wp-caption-text\">John Hancock Center Chicago<\/figcaption><\/figure>\n<p>Ein Trip durch die Stadt hat seine Zeit gekostet. Aber die amerikanischen Kollegen konnten nat\u00fcrlich viel erz\u00e4hlen, und so gab es auch Informationen \u00fcber sehr bekannte Wolkenkratzer.<\/p>\n<div style=\"clear: both;\">\n<p>1997 Eckzimmer im 48. Stock des Hilton Millenium mit Blick auf die Twin Towers und Georg Washington Bridge. Oft auf den Vorplatz des WTC geschlendert und nat\u00fcrlich auch die sch\u00f6ne Skulptur von Fritz K\u00f6nig gesehen. War im September 2001 nicht weit weg von New York, und den Schock der Anschl\u00e4ge werde ich nicht vergessen.<\/p>\n<figure id=\"attachment_1056\" aria-describedby=\"caption-attachment-1056\" style=\"width: 273px\" class=\"wp-caption alignleft\"><a href=\"http:\/\/abenax.de\/blog\/wp-content\/uploads\/2015\/11\/DSC00015a.jpg\" rel=\"lightbox[2]\"><img loading=\"lazy\" decoding=\"async\" class=\"size-medium wp-image-1056\" src=\"http:\/\/abenax.de\/blog\/wp-content\/uploads\/2015\/11\/DSC00015a-273x300.jpg\" alt=\"das Hotel\" width=\"273\" height=\"300\" srcset=\"http:\/\/abenax.de\/blog\/wp-content\/uploads\/2015\/11\/DSC00015a-273x300.jpg 273w, http:\/\/abenax.de\/blog\/wp-content\/uploads\/2015\/11\/DSC00015a-933x1024.jpg 933w, http:\/\/abenax.de\/blog\/wp-content\/uploads\/2015\/11\/DSC00015a.jpg 1696w\" sizes=\"(max-width: 273px) 85vw, 273px\" \/><\/a><figcaption id=\"caption-attachment-1056\" class=\"wp-caption-text\">das Hotel<\/figcaption><\/figure>\n<figure id=\"attachment_1054\" aria-describedby=\"caption-attachment-1054\" style=\"width: 200px\" class=\"wp-caption alignleft\"><a href=\"http:\/\/abenax.de\/blog\/wp-content\/uploads\/2015\/11\/2001wtc_ny_1.jpg\" rel=\"lightbox[2]\"><img loading=\"lazy\" decoding=\"async\" class=\"size-medium wp-image-1054\" src=\"http:\/\/abenax.de\/blog\/wp-content\/uploads\/2015\/11\/2001wtc_ny_1-200x300.jpg\" alt=\"WTC Twin Towers\" width=\"200\" height=\"300\" srcset=\"http:\/\/abenax.de\/blog\/wp-content\/uploads\/2015\/11\/2001wtc_ny_1-200x300.jpg 200w, http:\/\/abenax.de\/blog\/wp-content\/uploads\/2015\/11\/2001wtc_ny_1-683x1024.jpg 683w, http:\/\/abenax.de\/blog\/wp-content\/uploads\/2015\/11\/2001wtc_ny_1.jpg 848w\" sizes=\"(max-width: 200px) 85vw, 200px\" \/><\/a><figcaption id=\"caption-attachment-1054\" class=\"wp-caption-text\">WTC Twin Towers<\/figcaption><\/figure>\n<figure id=\"attachment_1055\" aria-describedby=\"caption-attachment-1055\" style=\"width: 300px\" class=\"wp-caption alignleft\"><a href=\"http:\/\/abenax.de\/blog\/wp-content\/uploads\/2015\/11\/2001wtc_ny_2.jpg\" rel=\"lightbox[2]\"><img loading=\"lazy\" decoding=\"async\" class=\"size-medium wp-image-1055\" src=\"http:\/\/abenax.de\/blog\/wp-content\/uploads\/2015\/11\/2001wtc_ny_2-300x200.jpg\" alt=\"The Sphere, Fritz K\u00f6nig\" width=\"300\" height=\"200\" srcset=\"http:\/\/abenax.de\/blog\/wp-content\/uploads\/2015\/11\/2001wtc_ny_2-300x200.jpg 300w, http:\/\/abenax.de\/blog\/wp-content\/uploads\/2015\/11\/2001wtc_ny_2.jpg 852w\" sizes=\"(max-width: 300px) 85vw, 300px\" \/><\/a><figcaption id=\"caption-attachment-1055\" class=\"wp-caption-text\">The Sphere, Fritz K\u00f6nig<\/figcaption><\/figure>\n<div style=\"clear: both;\">\n<p>w\u00e4re es ncht gut, wenn man den Einkaufswagen in alle Etagen eines Supermarktes mitnehem k\u00f6nnte ? Die L\u00f6sung war und ist Vermaport. Ich habe es lange erlebt, und viel davon gesehen.<\/p>\n<figure id=\"attachment_1937\" aria-describedby=\"caption-attachment-1937\" style=\"width: 300px\" class=\"wp-caption alignleft\"><a href=\"http:\/\/abenax.de\/blog\/wp-content\/uploads\/2018\/10\/2008h_esop_dus.jpg\" rel=\"lightbox[2]\"><img loading=\"lazy\" decoding=\"async\" class=\"size-medium wp-image-1937\" src=\"http:\/\/abenax.de\/blog\/wp-content\/uploads\/2018\/10\/2008h_esop_dus-300x225.jpg\" alt=\"euroshop\" width=\"300\" height=\"225\" srcset=\"http:\/\/abenax.de\/blog\/wp-content\/uploads\/2018\/10\/2008h_esop_dus-300x225.jpg 300w, http:\/\/abenax.de\/blog\/wp-content\/uploads\/2018\/10\/2008h_esop_dus-768x576.jpg 768w, http:\/\/abenax.de\/blog\/wp-content\/uploads\/2018\/10\/2008h_esop_dus-1024x768.jpg 1024w, http:\/\/abenax.de\/blog\/wp-content\/uploads\/2018\/10\/2008h_esop_dus-200x150.jpg 200w, http:\/\/abenax.de\/blog\/wp-content\/uploads\/2018\/10\/2008h_esop_dus-1200x900.jpg 1200w, http:\/\/abenax.de\/blog\/wp-content\/uploads\/2018\/10\/2008h_esop_dus.jpg 1296w\" sizes=\"(max-width: 300px) 85vw, 300px\" \/><\/a><figcaption id=\"caption-attachment-1937\" class=\"wp-caption-text\">mit den USA Kollegen<\/figcaption><\/figure>\n<div style=\"clear: both;\">\n<p><span style=\"color: #99cc00;\"><strong>Technik die beigestert : -) <\/strong><\/span><\/p>\n<p><span style=\"color: #ff0000;\">es ist doch sch\u00f6n wie man sich \u00fcber Kleinigkeiten freuen kann !<\/span><\/p>\n<p>Das wor\u00fcber die beiden M\u00e4dels so herrlich lachen, hat weite Teile meines Berufslebens bestimmt. Man nennt die Dinger &#8220;Einkaufswagenf\u00f6rderer&#8221; , und wegen diesem Thema bin ich viel unterwegs gewesen, und darunter nat\u00fcrlich auch in den USA.<\/p>\n<p><iframe loading=\"lazy\" title=\"Shopping Cart In Zellers\" width=\"840\" height=\"630\" src=\"https:\/\/www.youtube.com\/embed\/7AsQ0nhcnk4?feature=oembed\" frameborder=\"0\" allow=\"accelerometer; autoplay; clipboard-write; encrypted-media; gyroscope; picture-in-picture; web-share\" referrerpolicy=\"strict-origin-when-cross-origin\" allowfullscreen><\/iframe><\/p>\n<p>&nbsp;<\/p>\n<p><span style=\"color: #99cc00;\"><strong>[hana-flv-player video=&#8221;http:\/\/abenax.de\/blog\/wp-content\/uploads\/2014\/04\/Shopping-Cart-In-Zellers.mp4&#8243; width=&#8221;400&#8243; description=&#8221;&#8221; player=&#8221;5&#8243; autoload=&#8221;true&#8221; autoplay=&#8221;false&#8221; loop=&#8221;false&#8221; autorewind=&#8221;true&#8221; \/]<\/strong><\/span><\/p>\n<div style=\"clear: both;\">&nbsp;<\/div>\n<\/div>\n<\/div>\n<\/div>\n<\/div>\n<\/div>\n<\/div>\n<\/div>\n","protected":false},"excerpt":{"rendered":"<p>go west | Create infographics Einer der gr\u00f6\u00dften und verkehrsreichsten Flugh\u00e4fen in den USA. Heute ist es etwas \u00fcbersichtlich, aber der Schein tr\u00fcgt. in der Lounge gibt es vor dem Flug noch ein wenig Zeit f\u00fcr Lekture und einen Imbiss. so muss es sein ! Ein Trip durch die Stadt hat seine Zeit gekostet. Aber &hellip; <a href=\"http:\/\/abenax.de\/blog\/ubersee-chicago-new-york\/\" class=\"more-link\">Continue reading<span class=\"screen-reader-text\"> &#8220;USA&#8221;<\/span><\/a><\/p>\n","protected":false},"author":1,"featured_media":0,"parent":0,"menu_order":0,"comment_status":"open","ping_status":"open","template":"","meta":{"ngg_post_thumbnail":0,"pgc_sgb_lightbox_settings":"","footnotes":""},"class_list":["post-2","page","type-page","status-publish","hentry"],"_links":{"self":[{"href":"http:\/\/abenax.de\/blog\/wp-json\/wp\/v2\/pages\/2"}],"collection":[{"href":"http:\/\/abenax.de\/blog\/wp-json\/wp\/v2\/pages"}],"about":[{"href":"http:\/\/abenax.de\/blog\/wp-json\/wp\/v2\/types\/page"}],"author":[{"embeddable":true,"href":"http:\/\/abenax.de\/blog\/wp-json\/wp\/v2\/users\/1"}],"replies":[{"embeddable":true,"href":"http:\/\/abenax.de\/blog\/wp-json\/wp\/v2\/comments?post=2"}],"version-history":[{"count":34,"href":"http:\/\/abenax.de\/blog\/wp-json\/wp\/v2\/pages\/2\/revisions"}],"predecessor-version":[{"id":44903,"href":"http:\/\/abenax.de\/blog\/wp-json\/wp\/v2\/pages\/2\/revisions\/44903"}],"wp:attachment":[{"href":"http:\/\/abenax.de\/blog\/wp-json\/wp\/v2\/media?parent=2"}],"curies":[{"name":"wp","href":"https:\/\/api.w.org\/{rel}","templated":true}]}}