{"id":1189,"date":"2016-03-17T15:46:34","date_gmt":"2016-03-17T14:46:34","guid":{"rendered":"http:\/\/abenax.de\/blog\/?page_id=1189"},"modified":"2025-01-27T21:37:51","modified_gmt":"2025-01-27T19:37:51","slug":"alltags-art","status":"publish","type":"page","link":"http:\/\/abenax.de\/blog\/alltags-art\/","title":{"rendered":"alltags Art"},"content":{"rendered":"\n<p>Der Wind hat sie runter geweht, die Sat Dish, machen wir was draus&#8230;<\/p>\n\n\n\n<figure class=\"wp-block-gallery has-nested-images columns-default is-cropped wp-block-gallery-1 is-layout-flex wp-block-gallery-is-layout-flex\">\n<figure class=\"wp-block-image size-large\"><a href=\"http:\/\/abenax.de\/blog\/wp-content\/uploads\/2025\/01\/2013h_lz_sep_1a2a.jpg\" rel=\"lightbox[1189]\"><img loading=\"lazy\" decoding=\"async\" width=\"937\" height=\"815\" data-id=\"44941\" src=\"http:\/\/abenax.de\/blog\/wp-content\/uploads\/2025\/01\/2013h_lz_sep_1a2a.jpg\" alt=\"\" class=\"wp-image-44941\" srcset=\"http:\/\/abenax.de\/blog\/wp-content\/uploads\/2025\/01\/2013h_lz_sep_1a2a.jpg 937w, http:\/\/abenax.de\/blog\/wp-content\/uploads\/2025\/01\/2013h_lz_sep_1a2a-300x261.jpg 300w, http:\/\/abenax.de\/blog\/wp-content\/uploads\/2025\/01\/2013h_lz_sep_1a2a-768x668.jpg 768w\" sizes=\"(max-width: 709px) 85vw, (max-width: 909px) 67vw, (max-width: 1362px) 62vw, 840px\" \/><\/a><\/figure>\n\n\n\n<figure class=\"wp-block-image size-full\"><a href=\"http:\/\/abenax.de\/blog\/wp-content\/uploads\/2025\/01\/2013s_disc_art_1x.jpg\" rel=\"lightbox[1189]\"><img loading=\"lazy\" decoding=\"async\" width=\"690\" height=\"539\" data-id=\"44947\" src=\"http:\/\/abenax.de\/blog\/wp-content\/uploads\/2025\/01\/2013s_disc_art_1x.jpg\" alt=\"\" class=\"wp-image-44947\" srcset=\"http:\/\/abenax.de\/blog\/wp-content\/uploads\/2025\/01\/2013s_disc_art_1x.jpg 690w, http:\/\/abenax.de\/blog\/wp-content\/uploads\/2025\/01\/2013s_disc_art_1x-300x234.jpg 300w\" sizes=\"(max-width: 690px) 85vw, 690px\" \/><\/a><figcaption class=\"wp-element-caption\">\u00f8;<\/figcaption><\/figure>\n<\/figure>\n\n\n\n<p><\/p>\n\n\n\n<p><\/p>\n\n\n\n<p><span style=\"color: #0000ff;\"><strong> Dinge des Alltags, manchmal auch kunstvoll <\/strong><\/span><\/p>\n\n\n<div class=\"wp-block-image\">\n<figure class=\"alignleft\"><a href=\"http:\/\/abenax.de\/blog\/wp-content\/uploads\/2016\/06\/IMG_20160525_172443a1.jpg\" rel=\"lightbox[1189]\"><img loading=\"lazy\" decoding=\"async\" width=\"300\" height=\"295\" src=\"http:\/\/abenax.de\/blog\/wp-content\/uploads\/2016\/06\/IMG_20160525_172443a1-300x295.jpg\" alt=\"fruchtig und gut\" class=\"wp-image-1346\" srcset=\"http:\/\/abenax.de\/blog\/wp-content\/uploads\/2016\/06\/IMG_20160525_172443a1-300x295.jpg 300w, http:\/\/abenax.de\/blog\/wp-content\/uploads\/2016\/06\/IMG_20160525_172443a1-768x756.jpg 768w, http:\/\/abenax.de\/blog\/wp-content\/uploads\/2016\/06\/IMG_20160525_172443a1-1024x1008.jpg 1024w, http:\/\/abenax.de\/blog\/wp-content\/uploads\/2016\/06\/IMG_20160525_172443a1-1200x1181.jpg 1200w, http:\/\/abenax.de\/blog\/wp-content\/uploads\/2016\/06\/IMG_20160525_172443a1.jpg 1398w\" sizes=\"(max-width: 300px) 85vw, 300px\" \/><\/a><figcaption class=\"wp-element-caption\">Obstbaum<\/figcaption><\/figure><\/div>\n\n\n<p>der Obstbaum tr\u00e4gt schon Fr\u00fcchte, sicher ist die Erntezeit nicht<br \/>mehr weit !<\/p>\n\n\n<div class=\"wp-block-image\">\n<figure class=\"alignright\"><a href=\"http:\/\/abenax.de\/blog\/wp-content\/uploads\/2018\/09\/2018s_julibaum_1.jpg\" rel=\"lightbox[1189]\"><img loading=\"lazy\" decoding=\"async\" width=\"215\" height=\"300\" src=\"http:\/\/abenax.de\/blog\/wp-content\/uploads\/2018\/09\/2018s_julibaum_1-215x300.jpg\" alt=\"D ES\" class=\"wp-image-1788\" srcset=\"http:\/\/abenax.de\/blog\/wp-content\/uploads\/2018\/09\/2018s_julibaum_1-215x300.jpg 215w, http:\/\/abenax.de\/blog\/wp-content\/uploads\/2018\/09\/2018s_julibaum_1-768x1071.jpg 768w, http:\/\/abenax.de\/blog\/wp-content\/uploads\/2018\/09\/2018s_julibaum_1-734x1024.jpg 734w, http:\/\/abenax.de\/blog\/wp-content\/uploads\/2018\/09\/2018s_julibaum_1-108x150.jpg 108w, http:\/\/abenax.de\/blog\/wp-content\/uploads\/2018\/09\/2018s_julibaum_1.jpg 860w\" sizes=\"(max-width: 215px) 85vw, 215px\" \/><\/a><figcaption class=\"wp-element-caption\">Mutation<\/figcaption><\/figure><\/div>\n\n\n<div style=\"clear: both;\"><\/div>\n\n\n<div class=\"wp-block-image\">\n<figure class=\"alignleft\"><a href=\"http:\/\/abenax.de\/blog\/wp-content\/uploads\/2018\/08\/2018_kalender_bunsenbrenner.jpg\" rel=\"lightbox[1189]\"><img loading=\"lazy\" decoding=\"async\" width=\"300\" height=\"295\" src=\"http:\/\/abenax.de\/blog\/wp-content\/uploads\/2018\/08\/2018_kalender_bunsenbrenner-300x295.jpg\" alt=\"Kalender\" class=\"wp-image-1721\" srcset=\"http:\/\/abenax.de\/blog\/wp-content\/uploads\/2018\/08\/2018_kalender_bunsenbrenner-300x295.jpg 300w, http:\/\/abenax.de\/blog\/wp-content\/uploads\/2018\/08\/2018_kalender_bunsenbrenner-153x150.jpg 153w, http:\/\/abenax.de\/blog\/wp-content\/uploads\/2018\/08\/2018_kalender_bunsenbrenner.jpg 744w\" sizes=\"(max-width: 300px) 85vw, 300px\" \/><\/a><figcaption class=\"wp-element-caption\">so ist es wieder sch\u00f6n<\/figcaption><\/figure><\/div>\n\n\n<p>Flip Kalender aus den 70er Jahren des 20ten Jhdrt.<br \/>Gem\u00e4\u00df dem Rat eines professionellen Beraters behandelt.<br \/>Resultat : hervorragend !!<\/p>\n\n\n\n<div style=\"clear: both;\"><\/div>\n\n\n<div class=\"wp-block-image\">\n<figure class=\"alignleft\"><a href=\"http:\/\/abenax.de\/blog\/wp-content\/uploads\/2016\/03\/kalotte_2_fb.jpg\"  rel=\"lightbox[1189] attachment wp-att-1190\"><img loading=\"lazy\" decoding=\"async\" width=\"300\" height=\"261\" src=\"http:\/\/abenax.de\/blog\/wp-content\/uploads\/2016\/03\/kalotte_2_fb-300x261.jpg\" alt=\"Tinte und Rost\" class=\"wp-image-1190\" srcset=\"http:\/\/abenax.de\/blog\/wp-content\/uploads\/2016\/03\/kalotte_2_fb-300x261.jpg 300w, http:\/\/abenax.de\/blog\/wp-content\/uploads\/2016\/03\/kalotte_2_fb-768x669.jpg 768w, http:\/\/abenax.de\/blog\/wp-content\/uploads\/2016\/03\/kalotte_2_fb-1024x892.jpg 1024w, http:\/\/abenax.de\/blog\/wp-content\/uploads\/2016\/03\/kalotte_2_fb.jpg 1198w\" sizes=\"(max-width: 300px) 85vw, 300px\" \/><\/a><figcaption class=\"wp-element-caption\">Stahl Plastik und Reinigungsmiitel<\/figcaption><\/figure><\/div>\n\n\n<p>ein wenig Feuchtigkeit und Luftsauerstoff, und schon gibt es wunderbare Farben, als Objekt hinzugesetzt, einfach ein offengeschnittene Reinigungskartusche (genau genommen clean&amp;renew) mit ein wenig Rest-Reinigungsfl\u00fcssigkeit, und fertig ist Natur-und-Kunststoff-Kunst.<\/p>\n\n\n\n<div style=\"clear: both;\"><\/div>\n\n\n<div class=\"wp-block-image\">\n<figure class=\"alignleft\"><a href=\"http:\/\/abenax.de\/blog\/wp-content\/uploads\/2016\/03\/IMG_20160315_150555a1_txt.jpg\"  rel=\"lightbox[1189] attachment wp-att-1194\"><img loading=\"lazy\" decoding=\"async\" width=\"202\" height=\"300\" src=\"http:\/\/abenax.de\/blog\/wp-content\/uploads\/2016\/03\/IMG_20160315_150555a1_txt-202x300.jpg\" alt=\"ruck zuck trocken\" class=\"wp-image-1194\" srcset=\"http:\/\/abenax.de\/blog\/wp-content\/uploads\/2016\/03\/IMG_20160315_150555a1_txt-202x300.jpg 202w, http:\/\/abenax.de\/blog\/wp-content\/uploads\/2016\/03\/IMG_20160315_150555a1_txt-768x1140.jpg 768w, http:\/\/abenax.de\/blog\/wp-content\/uploads\/2016\/03\/IMG_20160315_150555a1_txt-690x1024.jpg 690w, http:\/\/abenax.de\/blog\/wp-content\/uploads\/2016\/03\/IMG_20160315_150555a1_txt-1200x1781.jpg 1200w, http:\/\/abenax.de\/blog\/wp-content\/uploads\/2016\/03\/IMG_20160315_150555a1_txt.jpg 1247w\" sizes=\"(max-width: 202px) 85vw, 202px\" \/><\/a><figcaption class=\"wp-element-caption\">ruck zuck trocken<\/figcaption><\/figure><\/div>\n\n\n<p>sehr sch\u00f6nes Design und effektiv. Zun\u00e4chst interpretiert als nsfw, aber definitv sfw !<\/p>\n\n\n\n<div style=\"clear: both;\"><\/div>\n\n\n<div class=\"wp-block-image\">\n<figure class=\"alignleft\"><a href=\"http:\/\/abenax.de\/blog\/wp-content\/uploads\/2016\/03\/hagen_galaxi.jpg\"  rel=\"lightbox[1189] attachment wp-att-1202\"><img loading=\"lazy\" decoding=\"async\" width=\"300\" height=\"196\" src=\"http:\/\/abenax.de\/blog\/wp-content\/uploads\/2016\/03\/hagen_galaxi-300x196.jpg\" alt=\"auf zur Venus\" class=\"wp-image-1202\" srcset=\"http:\/\/abenax.de\/blog\/wp-content\/uploads\/2016\/03\/hagen_galaxi-300x196.jpg 300w, http:\/\/abenax.de\/blog\/wp-content\/uploads\/2016\/03\/hagen_galaxi-768x502.jpg 768w, http:\/\/abenax.de\/blog\/wp-content\/uploads\/2016\/03\/hagen_galaxi-1024x670.jpg 1024w, http:\/\/abenax.de\/blog\/wp-content\/uploads\/2016\/03\/hagen_galaxi.jpg 1026w\" sizes=\"(max-width: 300px) 85vw, 300px\" \/><\/a><figcaption class=\"wp-element-caption\">auf zur Venus<\/figcaption><\/figure><\/div>\n\n\n<div style=\"clear: both;\"><\/div>\n\n\n<div class=\"wp-block-image\">\n<figure class=\"alignleft\"><a href=\"http:\/\/abenax.de\/blog\/wp-content\/uploads\/2016\/03\/hagen_venus.gif\"  rel=\"lightbox[1189] attachment wp-att-1204\"><img loading=\"lazy\" decoding=\"async\" width=\"800\" height=\"769\" src=\"http:\/\/abenax.de\/blog\/wp-content\/uploads\/2016\/03\/hagen_venus.gif\" alt=\"Umweltverschmutzung !!\" class=\"wp-image-1204\"\/><\/a><figcaption class=\"wp-element-caption\">Umweltverschmutzung !!<\/figcaption><\/figure><\/div>\n\n\n<p>ohne &#8220;Kaugummi&#8221; w\u00fcrde es sicher besser aussehen, aber man kann offensichtlich nichts machen, obwohl, in Singapur geht es, und man sieht nur wenige solcher Flecken in den \u00f6ffentlichen Bereichen.<\/p>\n\n\n\n<div style=\"clear: both;\"><\/div>\n\n\n<div class=\"wp-block-image\">\n<figure class=\"alignleft\"><a href=\"http:\/\/abenax.de\/blog\/wp-content\/uploads\/2016\/06\/CIMG0004a1a.jpg\" rel=\"lightbox[1189]\"><img loading=\"lazy\" decoding=\"async\" width=\"238\" height=\"300\" src=\"http:\/\/abenax.de\/blog\/wp-content\/uploads\/2016\/06\/CIMG0004a1a-238x300.jpg\" alt=\"sbahn\" class=\"wp-image-1342\" srcset=\"http:\/\/abenax.de\/blog\/wp-content\/uploads\/2016\/06\/CIMG0004a1a-238x300.jpg 238w, http:\/\/abenax.de\/blog\/wp-content\/uploads\/2016\/06\/CIMG0004a1a-768x967.jpg 768w, http:\/\/abenax.de\/blog\/wp-content\/uploads\/2016\/06\/CIMG0004a1a-813x1024.jpg 813w, http:\/\/abenax.de\/blog\/wp-content\/uploads\/2016\/06\/CIMG0004a1a.jpg 854w\" sizes=\"(max-width: 238px) 85vw, 238px\" \/><\/a><figcaption class=\"wp-element-caption\">S-Bahn<\/figcaption><\/figure><\/div>\n\n\n<p>wenn es nicht \u00fcberf\u00fcllt ist, ist es angenehm gefahren zu werden.<\/p>\n\n\n\n<div style=\"clear: both;\"><\/div>\n\n\n<div class=\"wp-block-image\">\n<figure class=\"alignleft\"><a href=\"http:\/\/abenax.de\/blog\/wp-content\/uploads\/2016\/04\/2016s_crancshaft.jpg\" rel=\"lightbox[1189]\"><img loading=\"lazy\" decoding=\"async\" width=\"300\" height=\"290\" src=\"http:\/\/abenax.de\/blog\/wp-content\/uploads\/2016\/04\/2016s_crancshaft-300x290.jpg\" alt=\"Kurbelwelle\" class=\"wp-image-1240\" srcset=\"http:\/\/abenax.de\/blog\/wp-content\/uploads\/2016\/04\/2016s_crancshaft-300x290.jpg 300w, http:\/\/abenax.de\/blog\/wp-content\/uploads\/2016\/04\/2016s_crancshaft-768x742.jpg 768w, http:\/\/abenax.de\/blog\/wp-content\/uploads\/2016\/04\/2016s_crancshaft-1024x989.jpg 1024w, http:\/\/abenax.de\/blog\/wp-content\/uploads\/2016\/04\/2016s_crancshaft-1200x1159.jpg 1200w, http:\/\/abenax.de\/blog\/wp-content\/uploads\/2016\/04\/2016s_crancshaft.jpg 1446w\" sizes=\"(max-width: 300px) 85vw, 300px\" \/><\/a><figcaption class=\"wp-element-caption\">Schrott ? nein !<\/figcaption><\/figure><\/div>\n\n\n<p>auch wenn es wie Schrott aussieht, wenn die Teile bearbeitet sind, ist es high-tech !<\/p>\n","protected":false},"excerpt":{"rendered":"<p>Der Wind hat sie runter geweht, die Sat Dish, machen wir was draus&#8230; Dinge des Alltags, manchmal auch kunstvoll der Obstbaum tr\u00e4gt schon Fr\u00fcchte, sicher ist die Erntezeit nichtmehr weit ! Flip Kalender aus den 70er Jahren des 20ten Jhdrt.Gem\u00e4\u00df dem Rat eines professionellen Beraters behandelt.Resultat : hervorragend !! ein wenig Feuchtigkeit und Luftsauerstoff, und &hellip; <a href=\"http:\/\/abenax.de\/blog\/alltags-art\/\" class=\"more-link\">Continue reading<span class=\"screen-reader-text\"> &#8220;alltags Art&#8221;<\/span><\/a><\/p>\n","protected":false},"author":1,"featured_media":0,"parent":0,"menu_order":0,"comment_status":"closed","ping_status":"closed","template":"","meta":{"ngg_post_thumbnail":0,"pgc_sgb_lightbox_settings":"","footnotes":""},"class_list":["post-1189","page","type-page","status-publish","hentry"],"_links":{"self":[{"href":"http:\/\/abenax.de\/blog\/wp-json\/wp\/v2\/pages\/1189"}],"collection":[{"href":"http:\/\/abenax.de\/blog\/wp-json\/wp\/v2\/pages"}],"about":[{"href":"http:\/\/abenax.de\/blog\/wp-json\/wp\/v2\/types\/page"}],"author":[{"embeddable":true,"href":"http:\/\/abenax.de\/blog\/wp-json\/wp\/v2\/users\/1"}],"replies":[{"embeddable":true,"href":"http:\/\/abenax.de\/blog\/wp-json\/wp\/v2\/comments?post=1189"}],"version-history":[{"count":32,"href":"http:\/\/abenax.de\/blog\/wp-json\/wp\/v2\/pages\/1189\/revisions"}],"predecessor-version":[{"id":44949,"href":"http:\/\/abenax.de\/blog\/wp-json\/wp\/v2\/pages\/1189\/revisions\/44949"}],"wp:attachment":[{"href":"http:\/\/abenax.de\/blog\/wp-json\/wp\/v2\/media?parent=1189"}],"curies":[{"name":"wp","href":"https:\/\/api.w.org\/{rel}","templated":true}]}}